{"id":303,"date":"2024-02-09T12:27:21","date_gmt":"2024-02-09T11:27:21","guid":{"rendered":"https:\/\/anisha-kale.ch\/?page_id=303"},"modified":"2024-02-09T12:53:42","modified_gmt":"2024-02-09T11:53:42","slug":"von-sarah","status":"publish","type":"page","link":"https:\/\/anisha-kale.ch\/index.php\/von-sarah\/","title":{"rendered":"Von Sarah"},"content":{"rendered":"\n<div class=\"wp-block-group alignfull has-global-padding is-layout-constrained wp-container-core-group-is-layout-daa29608 wp-block-group-is-layout-constrained\" style=\"margin-top:0;margin-bottom:0;padding-top:var(--wp--preset--spacing--50);padding-right:var(--wp--preset--spacing--50);padding-bottom:var(--wp--preset--spacing--50);padding-left:var(--wp--preset--spacing--50)\">\n<figure class=\"wp-block-image aligncenter size-full\"><img loading=\"lazy\" decoding=\"async\" width=\"204\" height=\"250\" src=\"https:\/\/anisha-kale.ch\/wp-content\/uploads\/2024\/02\/hello-kitty-small-5.png\" alt=\"\" class=\"wp-image-318\"\/><\/figure>\n\n\n\n<div style=\"height:30px\" aria-hidden=\"true\" class=\"wp-block-spacer\"><\/div>\n\n\n\n<h1 class=\"wp-block-heading has-text-align-center has-x-large-font-size\"> <em> Es gibt einen Spruch, der besagt, dass jeder Mensch Sch\u00f6n ist, auf seine eigene Art und Weise<\/em><br><em> und Anisha war so unglaublich sch\u00f6n.<\/em><\/h1>\n\n\n\n<h1 class=\"wp-block-heading has-text-align-center has-x-large-font-size\"><em>Anisha war sch\u00f6n in der Art und Weise in der sie gelacht hat. <\/em><\/h1>\n\n\n\n<h1 class=\"wp-block-heading has-text-align-center has-x-large-font-size\"><em>Anisha war sch\u00f6n in der Art und Weise in der sie geliebt hat.<\/em><\/h1>\n\n\n\n<h1 class=\"wp-block-heading has-text-align-center has-x-large-font-size\"><em>Anisha war sch\u00f6n in der Art und Weise, in der sie meine Hand genommen hat, weil sie wusste ich brauche das jetzt.<\/em><\/h1>\n\n\n\n<h1 class=\"wp-block-heading has-text-align-center has-x-large-font-size\"><em>Anisha war sch\u00f6n in der Art und Weise, in der ihr ihre Brille immer etwas schief auf der Nase sass.<\/em><\/h1>\n\n\n\n<h1 class=\"wp-block-heading has-text-align-center has-x-large-font-size\"><em> Anisha war sch\u00f6n in der Art und Weise, wie sie versucht hat ihr Lachen zu verstecken und du nur das auf und ab zucken ihrer Schultern gesehen hast.<\/em><\/h1>\n\n\n\n<h1 class=\"wp-block-heading has-text-align-center has-x-large-font-size\"><em> Anisha war in ihrer St\u00e4rke wundersch\u00f6n, wie auch in ihrer Schw\u00e4che. <\/em><\/h1>\n\n\n\n<h1 class=\"wp-block-heading has-text-align-center has-x-large-font-size\"><em>Sie hat nie aufgeh\u00f6rt sch\u00f6n zu sein, auch jetzt nicht. <\/em><\/h1>\n\n\n\n<h1 class=\"wp-block-heading has-text-align-center has-x-large-font-size\"><em>Ich sehe ihre Sch\u00f6nheit \u00fcberall. <\/em><\/h1>\n\n\n\n<h1 class=\"wp-block-heading has-text-align-center has-x-large-font-size\"><em>In jedem Sonnenauf und Untergang. <\/em><\/h1>\n\n\n\n<h1 class=\"wp-block-heading has-text-align-center has-x-large-font-size\"><em>In jedem Schmetterling und in jedem Pinkton. <\/em><\/h1>\n\n\n\n<h1 class=\"wp-block-heading has-text-align-center has-x-large-font-size\"><em>In jeder Hello Kitty Figur. <\/em><\/h1>\n\n\n\n<h1 class=\"wp-block-heading has-text-align-center has-x-large-font-size\"><em>Ich sehe ihre Sch\u00f6nheit \u00fcberall. <\/em><\/h1>\n\n\n\n<h1 class=\"wp-block-heading has-text-align-center has-x-large-font-size\"><em>In jedem Film, den wir zusammen angeschaut haben. <\/em><\/h1>\n\n\n\n<h1 class=\"wp-block-heading has-text-align-center has-x-large-font-size\"><em>Ja, sogar in W\u00f6rtern h\u00f6re ich sie. <\/em><\/h1>\n\n\n\n<h1 class=\"wp-block-heading has-text-align-center has-x-large-font-size\"><em>Anishas Sch\u00f6nheit wird uns nie verlassen. <\/em><\/h1>\n\n\n\n<h1 class=\"wp-block-heading has-text-align-center has-x-large-font-size\"><em>Sie war zu strahlend und \u00fcberw\u00e4ltigend, um sie jemals zu vergessen. <\/em><\/h1>\n\n\n\n<h1 class=\"wp-block-heading has-text-align-center has-x-large-font-size\"><em>Also meine Lieben, lasst uns Anisha&#8217;s Sch\u00f6nheit f\u00fcr\u00a0immer\u00a0ehren.<\/em><\/h1>\n\n\n\n<h1 class=\"wp-block-heading has-text-align-center has-x-large-font-size\"><br><em> <\/em> <\/h1>\n<\/div>\n","protected":false},"excerpt":{"rendered":"<p>Es gibt einen Spruch, der besagt, dass jeder Mensch Sch\u00f6n ist, auf seine eigene Art und Weise und Anisha war so unglaublich sch\u00f6n. Anisha war sch\u00f6n in der Art und Weise in der sie gelacht hat. Anisha war sch\u00f6n in der Art und Weise in der sie geliebt hat. Anisha war sch\u00f6n in der Art [&hellip;]<\/p>\n","protected":false},"author":1,"featured_media":0,"parent":0,"menu_order":0,"comment_status":"closed","ping_status":"closed","template":"","meta":{"footnotes":""},"class_list":["post-303","page","type-page","status-publish","hentry"],"_links":{"self":[{"href":"https:\/\/anisha-kale.ch\/index.php\/wp-json\/wp\/v2\/pages\/303","targetHints":{"allow":["GET"]}}],"collection":[{"href":"https:\/\/anisha-kale.ch\/index.php\/wp-json\/wp\/v2\/pages"}],"about":[{"href":"https:\/\/anisha-kale.ch\/index.php\/wp-json\/wp\/v2\/types\/page"}],"author":[{"embeddable":true,"href":"https:\/\/anisha-kale.ch\/index.php\/wp-json\/wp\/v2\/users\/1"}],"replies":[{"embeddable":true,"href":"https:\/\/anisha-kale.ch\/index.php\/wp-json\/wp\/v2\/comments?post=303"}],"version-history":[{"count":6,"href":"https:\/\/anisha-kale.ch\/index.php\/wp-json\/wp\/v2\/pages\/303\/revisions"}],"predecessor-version":[{"id":322,"href":"https:\/\/anisha-kale.ch\/index.php\/wp-json\/wp\/v2\/pages\/303\/revisions\/322"}],"wp:attachment":[{"href":"https:\/\/anisha-kale.ch\/index.php\/wp-json\/wp\/v2\/media?parent=303"}],"curies":[{"name":"wp","href":"https:\/\/api.w.org\/{rel}","templated":true}]}}