{"id":328,"date":"2024-02-15T12:45:22","date_gmt":"2024-02-15T11:45:22","guid":{"rendered":"https:\/\/anisha-kale.ch\/?page_id=328"},"modified":"2024-02-15T22:44:57","modified_gmt":"2024-02-15T21:44:57","slug":"ravi-kale","status":"publish","type":"page","link":"https:\/\/anisha-kale.ch\/index.php\/ravi-kale\/","title":{"rendered":"Ravi Kale"},"content":{"rendered":"\n<p>Ravi Kale wurde am 31.01.1970 in Winterthur geboren und ist am 19.06.2005 in Pune, Indien verstorben.<\/p>\n\n\n\n<p>Ravi war ein liebenswerter Mensch. Sehr aufgeschlossen umd ein richtiger Sonnenschein. Sein Name bedeutet ja auch Sonne, mit sonnigem Gem\u00fct.<br>Hat auf ihn voll zugetroffen. <br>Sein Motto war stets &#8222;Mittendrin statt nur dabei&#8220; \ud83d\ude42 <br>Er hatte eine wunderbare Art auf Menschen zuzugehen und er hatte dadurch auch nie M\u00fche, Anschluss zu finden. Ravi hatte viele gute und enge Freunde.<br>Sport war seine wahre Leidenschaft, sei es Skifahren, Fussball spielen (in der Quartiermannschaft des Rigiblicks) und ganz besonders Handball. Da war er richtig gut!<br>Er liebte auch das Reisen, er ist monatelang durch die Welt gereist. Griechenland, Italien und Indien mochte er besonders. In Indien ist er mit seiner Enfield durchs Land gefahren und hat dann in irgendeinem Tempel \u00fcbernachtet.<br>Leider wurde sein Leben immer wieder von seiner Sucht \u00fcberschattet. Er hatte unz\u00e4hlige R\u00fcckf\u00e4llle und Therapien. Und als es dann endlich wieder aufw\u00e4rts zu gehen schien, ist er beim Motorradfahren in Indien t\u00f6dlich verungl\u00fcckt.<br>Er wurde mit gerade mal 35 Jahren aus dem Leben gerissen.<\/p>\n\n\n\n<p>Ich vermisse ihn sehr! Und jetzt, nach Anisha&#8217;s Tod hat das wieder alles aufgew\u00fchlt.<\/p>\n\n\n\n<p>Es w\u00fcrde mich freuen Deine Geschichten \u00fcber ihn zu h\u00f6ren. Auch \u00fcber Bilder w\u00e4re ich sehr froh. Also schreib mir!<\/p>\n\n\n\n<p>s*t*e*f*a*n*@*k*a*l*e*.*c*h (lass einfach die Asteriske weg)<\/p>\n","protected":false},"excerpt":{"rendered":"<p>Ravi Kale wurde am 31.01.1970 in Winterthur geboren und ist am 19.06.2005 in Pune, Indien verstorben. Ravi war ein liebenswerter Mensch. Sehr aufgeschlossen umd ein richtiger Sonnenschein. Sein Name bedeutet ja auch Sonne, mit sonnigem Gem\u00fct.Hat auf ihn voll zugetroffen. Sein Motto war stets &#8222;Mittendrin statt nur dabei&#8220; \ud83d\ude42 Er hatte eine wunderbare Art auf [&hellip;]<\/p>\n","protected":false},"author":1,"featured_media":329,"parent":0,"menu_order":0,"comment_status":"closed","ping_status":"closed","template":"","meta":{"footnotes":""},"class_list":["post-328","page","type-page","status-publish","has-post-thumbnail","hentry"],"_links":{"self":[{"href":"https:\/\/anisha-kale.ch\/index.php\/wp-json\/wp\/v2\/pages\/328","targetHints":{"allow":["GET"]}}],"collection":[{"href":"https:\/\/anisha-kale.ch\/index.php\/wp-json\/wp\/v2\/pages"}],"about":[{"href":"https:\/\/anisha-kale.ch\/index.php\/wp-json\/wp\/v2\/types\/page"}],"author":[{"embeddable":true,"href":"https:\/\/anisha-kale.ch\/index.php\/wp-json\/wp\/v2\/users\/1"}],"replies":[{"embeddable":true,"href":"https:\/\/anisha-kale.ch\/index.php\/wp-json\/wp\/v2\/comments?post=328"}],"version-history":[{"count":3,"href":"https:\/\/anisha-kale.ch\/index.php\/wp-json\/wp\/v2\/pages\/328\/revisions"}],"predecessor-version":[{"id":334,"href":"https:\/\/anisha-kale.ch\/index.php\/wp-json\/wp\/v2\/pages\/328\/revisions\/334"}],"wp:featuredmedia":[{"embeddable":true,"href":"https:\/\/anisha-kale.ch\/index.php\/wp-json\/wp\/v2\/media\/329"}],"wp:attachment":[{"href":"https:\/\/anisha-kale.ch\/index.php\/wp-json\/wp\/v2\/media?parent=328"}],"curies":[{"name":"wp","href":"https:\/\/api.w.org\/{rel}","templated":true}]}}