{"id":337,"date":"2024-11-14T08:25:12","date_gmt":"2024-11-14T07:25:12","guid":{"rendered":"https:\/\/anisha-kale.ch\/?page_id=337"},"modified":"2024-11-14T08:41:33","modified_gmt":"2024-11-14T07:41:33","slug":"scho-es-ganzes-jahr","status":"publish","type":"page","link":"https:\/\/anisha-kale.ch\/index.php\/scho-es-ganzes-jahr\/","title":{"rendered":"Scho es ganzes Jahr"},"content":{"rendered":"\n<p class=\"has-text-align-center\">Voreme Jahr hani Dir m\u00fcese s\u00e4ge, das Du jetz d\u00e4rfsch gah<\/p>\n\n\n\n<p class=\"has-text-align-center\">Ha m\u00fcese zueluege, wie Du sletscht mal schnufsch<\/p>\n\n\n\n<p class=\"has-text-align-center\">Ha kein Puls meh gsp\u00fcrt<\/p>\n\n\n\n<p class=\"has-text-align-center\">Ha gh\u00f6rt wie mis H\u00e4rz bricht<\/p>\n\n\n\n<p class=\"has-text-align-center\">Es ganzes Jahr hani Di n\u00fcme ch\u00f6ne umarme<\/p>\n\n\n\n<p class=\"has-text-align-center\">N\u00fcme ch\u00f6ne mit Dir Zmittag \u00e4sse<\/p>\n\n\n\n<p class=\"has-text-align-center\">N\u00fcme ch\u00f6ne mit Dir lache<\/p>\n\n\n\n<p class=\"has-text-align-center\">N\u00fcme ch\u00f6ne mit Dir e Serie luege<\/p>\n\n\n\n<p class=\"has-text-align-center\">S&#8217;Lache im Huus f\u00e4hlt mer<\/p>\n\n\n\n<p class=\"has-text-align-center\">Ich gh\u00f6r niemerd meh Anisha r\u00fcefe<\/p>\n\n\n\n<p class=\"has-text-align-center\">Wer seit, Ziit heili Wunde h\u00e4t kei Ahnig<\/p>\n\n\n\n<p class=\"has-text-align-center\">Du f\u00e4lsch mer so sehr<\/p>\n\n\n\n<p class=\"has-text-align-center\">F\u00fcr immer<\/p>\n\n\n\n<p class=\"has-text-align-center\">Din Bapi<\/p>\n","protected":false},"excerpt":{"rendered":"<p>Voreme Jahr hani Dir m\u00fcese s\u00e4ge, das Du jetz d\u00e4rfsch gah Ha m\u00fcese zueluege, wie Du sletscht mal schnufsch Ha kein Puls meh gsp\u00fcrt Ha gh\u00f6rt wie mis H\u00e4rz bricht Es ganzes Jahr hani Di n\u00fcme ch\u00f6ne umarme N\u00fcme ch\u00f6ne mit Dir Zmittag \u00e4sse N\u00fcme ch\u00f6ne mit Dir lache N\u00fcme ch\u00f6ne mit Dir e Serie [&hellip;]<\/p>\n","protected":false},"author":1,"featured_media":0,"parent":0,"menu_order":0,"comment_status":"closed","ping_status":"closed","template":"","meta":{"footnotes":""},"class_list":["post-337","page","type-page","status-publish","hentry"],"_links":{"self":[{"href":"https:\/\/anisha-kale.ch\/index.php\/wp-json\/wp\/v2\/pages\/337","targetHints":{"allow":["GET"]}}],"collection":[{"href":"https:\/\/anisha-kale.ch\/index.php\/wp-json\/wp\/v2\/pages"}],"about":[{"href":"https:\/\/anisha-kale.ch\/index.php\/wp-json\/wp\/v2\/types\/page"}],"author":[{"embeddable":true,"href":"https:\/\/anisha-kale.ch\/index.php\/wp-json\/wp\/v2\/users\/1"}],"replies":[{"embeddable":true,"href":"https:\/\/anisha-kale.ch\/index.php\/wp-json\/wp\/v2\/comments?post=337"}],"version-history":[{"count":3,"href":"https:\/\/anisha-kale.ch\/index.php\/wp-json\/wp\/v2\/pages\/337\/revisions"}],"predecessor-version":[{"id":342,"href":"https:\/\/anisha-kale.ch\/index.php\/wp-json\/wp\/v2\/pages\/337\/revisions\/342"}],"wp:attachment":[{"href":"https:\/\/anisha-kale.ch\/index.php\/wp-json\/wp\/v2\/media?parent=337"}],"curies":[{"name":"wp","href":"https:\/\/api.w.org\/{rel}","templated":true}]}}