{"id":7,"date":"2024-02-08T10:51:57","date_gmt":"2024-02-08T09:51:57","guid":{"rendered":"https:\/\/anisha-kale.ch\/?page_id=7"},"modified":"2024-02-08T14:53:43","modified_gmt":"2024-02-08T13:53:43","slug":"anisha-mir-vermissed-dich-unendlich","status":"publish","type":"page","link":"https:\/\/anisha-kale.ch\/","title":{"rendered":"Anisha, mir vermissed Dich unendlich"},"content":{"rendered":"\n<div style=\"height:var(--wp--preset--spacing--10)\" aria-hidden=\"true\" class=\"wp-block-spacer\"><\/div>\n\n\n\n<div class=\"wp-block-group alignwide has-global-padding is-layout-constrained wp-block-group-is-layout-constrained\">\n<div class=\"wp-block-group alignfull is-layout-flow wp-block-group-is-layout-flow\" style=\"margin-top:0;margin-bottom:0;padding-top:var(--wp--preset--spacing--50);padding-right:var(--wp--preset--spacing--50);padding-bottom:var(--wp--preset--spacing--50);padding-left:var(--wp--preset--spacing--50)\">\n<h1 class=\"wp-block-heading has-text-align-center has-x-large-font-size\"> <em> Du bisch en wunderbare M\u00e4nsch, h\u00e4sch villi  ber\u00fcehrt und h\u00e4sch en riise Abdruck uf dem Planet hinderlaa. Leider h\u00e4mmer Dich vill zfr\u00fceh m\u00fcese zieh laa. Mer werded Dich nie verg\u00e4sse! <\/em> <\/h1>\n<\/div>\n<\/div>\n\n\n\n<div class=\"wp-block-group alignfull has-global-padding is-layout-constrained wp-container-core-group-is-layout-b25ccd55 wp-block-group-is-layout-constrained\" style=\"margin-top:0;margin-bottom:0;padding-top:var(--wp--preset--spacing--50);padding-right:var(--wp--preset--spacing--50);padding-bottom:var(--wp--preset--spacing--50);padding-left:var(--wp--preset--spacing--50)\">\n<div class=\"wp-block-columns alignwide is-layout-flex wp-container-core-columns-is-layout-ff4b9c61 wp-block-columns-is-layout-flex\" style=\"margin-top:0;margin-bottom:0\">\n<div class=\"wp-block-column is-layout-flow wp-container-core-column-is-layout-8a368f38 wp-block-column-is-layout-flow\">\n<figure class=\"wp-block-image size-large is-style-rounded is-style-rounded--1\"><img loading=\"lazy\" decoding=\"async\" width=\"1024\" height=\"819\" src=\"https:\/\/anisha-kale.ch\/wp-content\/uploads\/2024\/02\/01_AnishaKale-8X10_wm-1024x819.jpg\" alt=\"\" class=\"wp-image-145\" style=\"aspect-ratio:4\/3;object-fit:cover\" srcset=\"https:\/\/anisha-kale.ch\/wp-content\/uploads\/2024\/02\/01_AnishaKale-8X10_wm-1024x819.jpg 1024w, https:\/\/anisha-kale.ch\/wp-content\/uploads\/2024\/02\/01_AnishaKale-8X10_wm-300x240.jpg 300w, https:\/\/anisha-kale.ch\/wp-content\/uploads\/2024\/02\/01_AnishaKale-8X10_wm-768x614.jpg 768w, https:\/\/anisha-kale.ch\/wp-content\/uploads\/2024\/02\/01_AnishaKale-8X10_wm-1536x1229.jpg 1536w, https:\/\/anisha-kale.ch\/wp-content\/uploads\/2024\/02\/01_AnishaKale-8X10_wm-2048x1638.jpg 2048w\" sizes=\"auto, (max-width: 1024px) 100vw, 1024px\" \/><\/figure>\n\n\n\n<div style=\"height:var(--wp--preset--spacing--50)\" aria-hidden=\"true\" class=\"wp-block-spacer\"><\/div>\n\n\n\n<figure class=\"wp-block-image size-large is-style-rounded is-style-rounded--2\"><img loading=\"lazy\" decoding=\"async\" width=\"576\" height=\"1024\" src=\"https:\/\/anisha-kale.ch\/wp-content\/uploads\/2024\/02\/WhatsApp-Bild-2023-11-17-um-10.34.17_90a0cf19-576x1024.jpg\" alt=\"\" class=\"wp-image-149\" style=\"aspect-ratio:3\/4;object-fit:cover\" srcset=\"https:\/\/anisha-kale.ch\/wp-content\/uploads\/2024\/02\/WhatsApp-Bild-2023-11-17-um-10.34.17_90a0cf19-576x1024.jpg 576w, https:\/\/anisha-kale.ch\/wp-content\/uploads\/2024\/02\/WhatsApp-Bild-2023-11-17-um-10.34.17_90a0cf19-169x300.jpg 169w, https:\/\/anisha-kale.ch\/wp-content\/uploads\/2024\/02\/WhatsApp-Bild-2023-11-17-um-10.34.17_90a0cf19-768x1366.jpg 768w, https:\/\/anisha-kale.ch\/wp-content\/uploads\/2024\/02\/WhatsApp-Bild-2023-11-17-um-10.34.17_90a0cf19-864x1536.jpg 864w, https:\/\/anisha-kale.ch\/wp-content\/uploads\/2024\/02\/WhatsApp-Bild-2023-11-17-um-10.34.17_90a0cf19-1152x2048.jpg 1152w, https:\/\/anisha-kale.ch\/wp-content\/uploads\/2024\/02\/WhatsApp-Bild-2023-11-17-um-10.34.17_90a0cf19.jpg 1406w\" sizes=\"auto, (max-width: 576px) 100vw, 576px\" \/><\/figure>\n\n\n\n<div style=\"height:var(--wp--preset--spacing--50)\" aria-hidden=\"true\" class=\"wp-block-spacer\"><\/div>\n\n\n\n<figure class=\"wp-block-image size-large is-style-rounded is-style-rounded--3\"><img loading=\"lazy\" decoding=\"async\" width=\"768\" height=\"1024\" src=\"https:\/\/anisha-kale.ch\/wp-content\/uploads\/2024\/02\/WhatsApp-Bild-2023-11-17-um-10.31.20_b927b308-768x1024.jpg\" alt=\"\" class=\"wp-image-190\" style=\"aspect-ratio:3\/4;object-fit:cover\" srcset=\"https:\/\/anisha-kale.ch\/wp-content\/uploads\/2024\/02\/WhatsApp-Bild-2023-11-17-um-10.31.20_b927b308-768x1024.jpg 768w, https:\/\/anisha-kale.ch\/wp-content\/uploads\/2024\/02\/WhatsApp-Bild-2023-11-17-um-10.31.20_b927b308-225x300.jpg 225w, https:\/\/anisha-kale.ch\/wp-content\/uploads\/2024\/02\/WhatsApp-Bild-2023-11-17-um-10.31.20_b927b308-1152x1536.jpg 1152w, https:\/\/anisha-kale.ch\/wp-content\/uploads\/2024\/02\/WhatsApp-Bild-2023-11-17-um-10.31.20_b927b308-1536x2048.jpg 1536w, https:\/\/anisha-kale.ch\/wp-content\/uploads\/2024\/02\/WhatsApp-Bild-2023-11-17-um-10.31.20_b927b308.jpg 1875w\" sizes=\"auto, (max-width: 768px) 100vw, 768px\" \/><\/figure>\n<\/div>\n\n\n\n<div class=\"wp-block-column is-layout-flow wp-container-core-column-is-layout-8a368f38 wp-block-column-is-layout-flow\">\n<div style=\"height:var(--wp--preset--spacing--50)\" aria-hidden=\"true\" class=\"wp-block-spacer\"><\/div>\n\n\n\n<figure class=\"wp-block-image size-large is-style-rounded is-style-rounded--4\"><img loading=\"lazy\" decoding=\"async\" width=\"576\" height=\"1024\" src=\"https:\/\/anisha-kale.ch\/wp-content\/uploads\/2024\/02\/DSC_1974-1-576x1024.jpg\" alt=\"\" class=\"wp-image-146\" style=\"aspect-ratio:3\/4;object-fit:cover\" srcset=\"https:\/\/anisha-kale.ch\/wp-content\/uploads\/2024\/02\/DSC_1974-1-576x1024.jpg 576w, https:\/\/anisha-kale.ch\/wp-content\/uploads\/2024\/02\/DSC_1974-1-169x300.jpg 169w, https:\/\/anisha-kale.ch\/wp-content\/uploads\/2024\/02\/DSC_1974-1-768x1366.jpg 768w, https:\/\/anisha-kale.ch\/wp-content\/uploads\/2024\/02\/DSC_1974-1-864x1536.jpg 864w, https:\/\/anisha-kale.ch\/wp-content\/uploads\/2024\/02\/DSC_1974-1-1152x2048.jpg 1152w, https:\/\/anisha-kale.ch\/wp-content\/uploads\/2024\/02\/DSC_1974-1.jpg 1406w\" sizes=\"auto, (max-width: 576px) 100vw, 576px\" \/><\/figure>\n\n\n\n<div style=\"height:var(--wp--preset--spacing--50)\" aria-hidden=\"true\" class=\"wp-block-spacer\"><\/div>\n\n\n\n<figure class=\"wp-block-image size-large is-style-rounded is-style-rounded--5\"><img loading=\"lazy\" decoding=\"async\" width=\"1024\" height=\"576\" src=\"https:\/\/anisha-kale.ch\/wp-content\/uploads\/2024\/02\/DSC_1503-1-1024x576.jpg\" alt=\"\" class=\"wp-image-150\" style=\"aspect-ratio:1;object-fit:cover\" srcset=\"https:\/\/anisha-kale.ch\/wp-content\/uploads\/2024\/02\/DSC_1503-1-1024x576.jpg 1024w, https:\/\/anisha-kale.ch\/wp-content\/uploads\/2024\/02\/DSC_1503-1-300x169.jpg 300w, https:\/\/anisha-kale.ch\/wp-content\/uploads\/2024\/02\/DSC_1503-1-768x432.jpg 768w, https:\/\/anisha-kale.ch\/wp-content\/uploads\/2024\/02\/DSC_1503-1-1536x864.jpg 1536w, https:\/\/anisha-kale.ch\/wp-content\/uploads\/2024\/02\/DSC_1503-1-2048x1152.jpg 2048w\" sizes=\"auto, (max-width: 1024px) 100vw, 1024px\" \/><\/figure>\n\n\n\n<div style=\"height:var(--wp--preset--spacing--50)\" aria-hidden=\"true\" class=\"wp-block-spacer\"><\/div>\n\n\n\n<figure class=\"wp-block-image size-large is-style-rounded is-style-rounded--6\"><img loading=\"lazy\" decoding=\"async\" width=\"1024\" height=\"576\" src=\"https:\/\/anisha-kale.ch\/wp-content\/uploads\/2024\/02\/DSC_0872-1024x576.jpg\" alt=\"\" class=\"wp-image-154\" style=\"aspect-ratio:1;object-fit:cover\" srcset=\"https:\/\/anisha-kale.ch\/wp-content\/uploads\/2024\/02\/DSC_0872-1024x576.jpg 1024w, https:\/\/anisha-kale.ch\/wp-content\/uploads\/2024\/02\/DSC_0872-300x169.jpg 300w, https:\/\/anisha-kale.ch\/wp-content\/uploads\/2024\/02\/DSC_0872-768x432.jpg 768w, https:\/\/anisha-kale.ch\/wp-content\/uploads\/2024\/02\/DSC_0872-1536x864.jpg 1536w, https:\/\/anisha-kale.ch\/wp-content\/uploads\/2024\/02\/DSC_0872-2048x1152.jpg 2048w\" sizes=\"auto, (max-width: 1024px) 100vw, 1024px\" \/><\/figure>\n<\/div>\n\n\n\n<div class=\"wp-block-column is-layout-flow wp-container-core-column-is-layout-8a368f38 wp-block-column-is-layout-flow\">\n<figure class=\"wp-block-image size-large is-style-rounded is-style-rounded--7\"><img loading=\"lazy\" decoding=\"async\" width=\"576\" height=\"1024\" src=\"https:\/\/anisha-kale.ch\/wp-content\/uploads\/2024\/02\/WhatsApp-Bild-2023-11-17-um-10.33.05_cc6c1c2a-576x1024.jpg\" alt=\"\" class=\"wp-image-147\" style=\"aspect-ratio:3\/4;object-fit:cover\" srcset=\"https:\/\/anisha-kale.ch\/wp-content\/uploads\/2024\/02\/WhatsApp-Bild-2023-11-17-um-10.33.05_cc6c1c2a-576x1024.jpg 576w, https:\/\/anisha-kale.ch\/wp-content\/uploads\/2024\/02\/WhatsApp-Bild-2023-11-17-um-10.33.05_cc6c1c2a-169x300.jpg 169w, https:\/\/anisha-kale.ch\/wp-content\/uploads\/2024\/02\/WhatsApp-Bild-2023-11-17-um-10.33.05_cc6c1c2a-768x1366.jpg 768w, https:\/\/anisha-kale.ch\/wp-content\/uploads\/2024\/02\/WhatsApp-Bild-2023-11-17-um-10.33.05_cc6c1c2a-864x1536.jpg 864w, https:\/\/anisha-kale.ch\/wp-content\/uploads\/2024\/02\/WhatsApp-Bild-2023-11-17-um-10.33.05_cc6c1c2a-1152x2048.jpg 1152w, https:\/\/anisha-kale.ch\/wp-content\/uploads\/2024\/02\/WhatsApp-Bild-2023-11-17-um-10.33.05_cc6c1c2a.jpg 1406w\" sizes=\"auto, (max-width: 576px) 100vw, 576px\" \/><\/figure>\n\n\n\n<div style=\"height:var(--wp--preset--spacing--50)\" aria-hidden=\"true\" class=\"wp-block-spacer\"><\/div>\n\n\n\n<figure class=\"wp-block-image size-large is-style-rounded is-style-rounded--8\"><img loading=\"lazy\" decoding=\"async\" width=\"576\" height=\"1024\" src=\"https:\/\/anisha-kale.ch\/wp-content\/uploads\/2024\/02\/DSC_0655-1-576x1024.jpg\" alt=\"\" class=\"wp-image-151\" style=\"aspect-ratio:3\/4;object-fit:cover\" srcset=\"https:\/\/anisha-kale.ch\/wp-content\/uploads\/2024\/02\/DSC_0655-1-576x1024.jpg 576w, https:\/\/anisha-kale.ch\/wp-content\/uploads\/2024\/02\/DSC_0655-1-169x300.jpg 169w, https:\/\/anisha-kale.ch\/wp-content\/uploads\/2024\/02\/DSC_0655-1-768x1366.jpg 768w, https:\/\/anisha-kale.ch\/wp-content\/uploads\/2024\/02\/DSC_0655-1-864x1536.jpg 864w, https:\/\/anisha-kale.ch\/wp-content\/uploads\/2024\/02\/DSC_0655-1-1152x2048.jpg 1152w, https:\/\/anisha-kale.ch\/wp-content\/uploads\/2024\/02\/DSC_0655-1.jpg 1406w\" sizes=\"auto, (max-width: 576px) 100vw, 576px\" \/><\/figure>\n\n\n\n<div style=\"height:var(--wp--preset--spacing--50)\" aria-hidden=\"true\" class=\"wp-block-spacer\"><\/div>\n\n\n\n<figure class=\"wp-block-image size-large is-style-rounded is-style-rounded--9\"><img loading=\"lazy\" decoding=\"async\" width=\"1024\" height=\"768\" src=\"https:\/\/anisha-kale.ch\/wp-content\/uploads\/2024\/02\/WhatsApp-Bild-2023-11-17-um-09.48.48_f622a4b0-1024x768.jpg\" alt=\"\" class=\"wp-image-156\" style=\"aspect-ratio:16\/9;object-fit:cover\" srcset=\"https:\/\/anisha-kale.ch\/wp-content\/uploads\/2024\/02\/WhatsApp-Bild-2023-11-17-um-09.48.48_f622a4b0-1024x768.jpg 1024w, https:\/\/anisha-kale.ch\/wp-content\/uploads\/2024\/02\/WhatsApp-Bild-2023-11-17-um-09.48.48_f622a4b0-300x225.jpg 300w, https:\/\/anisha-kale.ch\/wp-content\/uploads\/2024\/02\/WhatsApp-Bild-2023-11-17-um-09.48.48_f622a4b0-768x576.jpg 768w, https:\/\/anisha-kale.ch\/wp-content\/uploads\/2024\/02\/WhatsApp-Bild-2023-11-17-um-09.48.48_f622a4b0-1536x1152.jpg 1536w, https:\/\/anisha-kale.ch\/wp-content\/uploads\/2024\/02\/WhatsApp-Bild-2023-11-17-um-09.48.48_f622a4b0-2048x1536.jpg 2048w\" sizes=\"auto, (max-width: 1024px) 100vw, 1024px\" \/><\/figure>\n<\/div>\n\n\n\n<div class=\"wp-block-column is-layout-flow wp-container-core-column-is-layout-8a368f38 wp-block-column-is-layout-flow\">\n<div style=\"height:var(--wp--preset--spacing--50)\" aria-hidden=\"true\" class=\"wp-block-spacer\"><\/div>\n\n\n\n<figure class=\"wp-block-image size-large is-style-rounded is-style-rounded--10\"><img loading=\"lazy\" decoding=\"async\" width=\"1024\" height=\"576\" src=\"https:\/\/anisha-kale.ch\/wp-content\/uploads\/2024\/02\/DSC_0369-1-1024x576.jpg\" alt=\"\" class=\"wp-image-148\" style=\"aspect-ratio:1;object-fit:cover\" srcset=\"https:\/\/anisha-kale.ch\/wp-content\/uploads\/2024\/02\/DSC_0369-1-1024x576.jpg 1024w, https:\/\/anisha-kale.ch\/wp-content\/uploads\/2024\/02\/DSC_0369-1-300x169.jpg 300w, https:\/\/anisha-kale.ch\/wp-content\/uploads\/2024\/02\/DSC_0369-1-768x432.jpg 768w, https:\/\/anisha-kale.ch\/wp-content\/uploads\/2024\/02\/DSC_0369-1-1536x864.jpg 1536w, https:\/\/anisha-kale.ch\/wp-content\/uploads\/2024\/02\/DSC_0369-1-2048x1152.jpg 2048w\" sizes=\"auto, (max-width: 1024px) 100vw, 1024px\" \/><\/figure>\n\n\n\n<div style=\"height:var(--wp--preset--spacing--50)\" aria-hidden=\"true\" class=\"wp-block-spacer\"><\/div>\n\n\n\n<figure class=\"wp-block-image size-large is-style-rounded is-style-rounded--11\"><img loading=\"lazy\" decoding=\"async\" width=\"1024\" height=\"576\" src=\"https:\/\/anisha-kale.ch\/wp-content\/uploads\/2024\/02\/WhatsApp-Bild-2023-11-17-um-09.50.17_f6a7a0a9-1024x576.jpg\" alt=\"\" class=\"wp-image-152\" style=\"aspect-ratio:16\/9;object-fit:cover\" srcset=\"https:\/\/anisha-kale.ch\/wp-content\/uploads\/2024\/02\/WhatsApp-Bild-2023-11-17-um-09.50.17_f6a7a0a9-1024x576.jpg 1024w, https:\/\/anisha-kale.ch\/wp-content\/uploads\/2024\/02\/WhatsApp-Bild-2023-11-17-um-09.50.17_f6a7a0a9-300x169.jpg 300w, https:\/\/anisha-kale.ch\/wp-content\/uploads\/2024\/02\/WhatsApp-Bild-2023-11-17-um-09.50.17_f6a7a0a9-768x432.jpg 768w, https:\/\/anisha-kale.ch\/wp-content\/uploads\/2024\/02\/WhatsApp-Bild-2023-11-17-um-09.50.17_f6a7a0a9-1536x864.jpg 1536w, https:\/\/anisha-kale.ch\/wp-content\/uploads\/2024\/02\/WhatsApp-Bild-2023-11-17-um-09.50.17_f6a7a0a9-2048x1152.jpg 2048w\" sizes=\"auto, (max-width: 1024px) 100vw, 1024px\" \/><\/figure>\n\n\n\n<div style=\"height:var(--wp--preset--spacing--50)\" aria-hidden=\"true\" class=\"wp-block-spacer\"><\/div>\n\n\n\n<figure class=\"wp-block-image size-large is-style-rounded is-style-rounded--12\"><img loading=\"lazy\" decoding=\"async\" width=\"576\" height=\"1024\" src=\"https:\/\/anisha-kale.ch\/wp-content\/uploads\/2024\/02\/WhatsApp-Bild-2023-11-17-um-10.33.50_7b5dd3f3-576x1024.jpg\" alt=\"\" class=\"wp-image-155\" style=\"aspect-ratio:9\/16;object-fit:cover\" srcset=\"https:\/\/anisha-kale.ch\/wp-content\/uploads\/2024\/02\/WhatsApp-Bild-2023-11-17-um-10.33.50_7b5dd3f3-576x1024.jpg 576w, https:\/\/anisha-kale.ch\/wp-content\/uploads\/2024\/02\/WhatsApp-Bild-2023-11-17-um-10.33.50_7b5dd3f3-169x300.jpg 169w, https:\/\/anisha-kale.ch\/wp-content\/uploads\/2024\/02\/WhatsApp-Bild-2023-11-17-um-10.33.50_7b5dd3f3-768x1366.jpg 768w, https:\/\/anisha-kale.ch\/wp-content\/uploads\/2024\/02\/WhatsApp-Bild-2023-11-17-um-10.33.50_7b5dd3f3-864x1536.jpg 864w, https:\/\/anisha-kale.ch\/wp-content\/uploads\/2024\/02\/WhatsApp-Bild-2023-11-17-um-10.33.50_7b5dd3f3-1152x2048.jpg 1152w, https:\/\/anisha-kale.ch\/wp-content\/uploads\/2024\/02\/WhatsApp-Bild-2023-11-17-um-10.33.50_7b5dd3f3.jpg 1406w\" sizes=\"auto, (max-width: 576px) 100vw, 576px\" \/><\/figure>\n<\/div>\n<\/div>\n<\/div>\n","protected":false},"excerpt":{"rendered":"<p>Du bisch en wunderbare M\u00e4nsch, h\u00e4sch villi ber\u00fcehrt und h\u00e4sch en riise Abdruck uf dem Planet hinderlaa. Leider h\u00e4mmer Dich vill zfr\u00fceh m\u00fcese zieh laa. Mer werded Dich nie verg\u00e4sse!<\/p>\n","protected":false},"author":1,"featured_media":194,"parent":0,"menu_order":0,"comment_status":"closed","ping_status":"closed","template":"","meta":{"footnotes":""},"class_list":["post-7","page","type-page","status-publish","has-post-thumbnail","hentry"],"_links":{"self":[{"href":"https:\/\/anisha-kale.ch\/index.php\/wp-json\/wp\/v2\/pages\/7","targetHints":{"allow":["GET"]}}],"collection":[{"href":"https:\/\/anisha-kale.ch\/index.php\/wp-json\/wp\/v2\/pages"}],"about":[{"href":"https:\/\/anisha-kale.ch\/index.php\/wp-json\/wp\/v2\/types\/page"}],"author":[{"embeddable":true,"href":"https:\/\/anisha-kale.ch\/index.php\/wp-json\/wp\/v2\/users\/1"}],"replies":[{"embeddable":true,"href":"https:\/\/anisha-kale.ch\/index.php\/wp-json\/wp\/v2\/comments?post=7"}],"version-history":[{"count":10,"href":"https:\/\/anisha-kale.ch\/index.php\/wp-json\/wp\/v2\/pages\/7\/revisions"}],"predecessor-version":[{"id":209,"href":"https:\/\/anisha-kale.ch\/index.php\/wp-json\/wp\/v2\/pages\/7\/revisions\/209"}],"wp:featuredmedia":[{"embeddable":true,"href":"https:\/\/anisha-kale.ch\/index.php\/wp-json\/wp\/v2\/media\/194"}],"wp:attachment":[{"href":"https:\/\/anisha-kale.ch\/index.php\/wp-json\/wp\/v2\/media?parent=7"}],"curies":[{"name":"wp","href":"https:\/\/api.w.org\/{rel}","templated":true}]}}